{"id":945,"date":"2024-05-24T14:28:31","date_gmt":"2024-05-24T12:28:31","guid":{"rendered":"https:\/\/festival2024.eimacreacio.com\/festival-2024\/"},"modified":"2026-03-16T17:50:48","modified_gmt":"2026-03-16T16:50:48","slug":"festival-2024","status":"publish","type":"page","link":"https:\/\/festival2024.eimacreacio.com\/es\/","title":{"rendered":"Festival 2024"},"content":{"rendered":"<p>[et_pb_section fb_built=\u00bb1&#8243; admin_label=\u00bb*CABECERA*\u00bb _builder_version=\u00bb4.16&#8243; _module_preset=\u00bbdefault\u00bb custom_padding=\u00bb0px||1px|||\u00bb global_colors_info=\u00bb{}\u00bb][et_pb_row column_structure=\u00bb2_5,3_5&#8243; custom_padding_last_edited=\u00bbon|phone\u00bb _builder_version=\u00bb4.24.0&#8243; _module_preset=\u00bbdefault\u00bb width=\u00bb100%\u00bb max_width=\u00bb100%\u00bb module_alignment=\u00bbleft\u00bb custom_padding=\u00bb50px||0px||false|false\u00bb custom_padding_tablet=\u00bb40px||||false|false\u00bb custom_padding_phone=\u00bb20px||||false|false\u00bb global_colors_info=\u00bb{}\u00bb][et_pb_column type=\u00bb2_5&#8243; _builder_version=\u00bb4.16&#8243; _module_preset=\u00bbdefault\u00bb global_colors_info=\u00bb{}\u00bb][\/et_pb_column][et_pb_column type=\u00bb3_5&#8243; _builder_version=\u00bb4.16&#8243; _module_preset=\u00bbdefault\u00bb global_colors_info=\u00bb{}\u00bb][et_pb_text admin_label=\u00bbH1&#8243; _builder_version=\u00bb4.25.1&#8243; _module_preset=\u00bb_initial\u00bb header_font=\u00bbSora|300|||||||\u00bb header_text_align=\u00bbright\u00bb header_text_color=\u00bb#000000&#8243; header_font_size=\u00bb70px\u00bb header_line_height=\u00bb1.2em\u00bb text_orientation=\u00bbright\u00bb width=\u00bb80%\u00bb width_tablet=\u00bb90%\u00bb width_phone=\u00bb95%\u00bb width_last_edited=\u00bbon|phone\u00bb max_width=\u00bb80%\u00bb module_alignment=\u00bbcenter\u00bb custom_margin=\u00bb40px||40px||true|false\u00bb custom_margin_tablet=\u00bb40px||40px||true|false\u00bb custom_margin_phone=\u00bb||||false\u00bb custom_margin_last_edited=\u00bbon|phone\u00bb header_text_align_tablet=\u00bbright\u00bb header_text_align_phone=\u00bbcenter\u00bb header_text_align_last_edited=\u00bbon|phone\u00bb header_font_size_tablet=\u00bb60px\u00bb header_font_size_phone=\u00bb50px\u00bb header_font_size_last_edited=\u00bbon|phone\u00bb global_colors_info=\u00bb{}\u00bb]<\/p>\n<h1>9\u00ba Festival EiMa<\/h1>\n<p>[\/et_pb_text][\/et_pb_column][\/et_pb_row][\/et_pb_section][et_pb_section fb_built=\u00bb1&#8243; admin_label=\u00bb*INTRO*\u00bb _builder_version=\u00bb4.16&#8243; _module_preset=\u00bbdefault\u00bb custom_padding=\u00bb0px||1px|||\u00bb global_colors_info=\u00bb{}\u00bb][et_pb_row column_structure=\u00bb1_3,2_3&#8243; _builder_version=\u00bb4.24.0&#8243; _module_preset=\u00bbdefault\u00bb width=\u00bb100%\u00bb max_width=\u00bb100%\u00bb module_alignment=\u00bbleft\u00bb custom_padding=\u00bb0px||1px|||\u00bb global_colors_info=\u00bb{}\u00bb][et_pb_column type=\u00bb1_3&#8243; _builder_version=\u00bb4.16&#8243; _module_preset=\u00bbdefault\u00bb global_colors_info=\u00bb{}\u00bb][\/et_pb_column][et_pb_column type=\u00bb2_3&#8243; _builder_version=\u00bb4.16&#8243; _module_preset=\u00bbdefault\u00bb global_colors_info=\u00bb{}\u00bb][et_pb_text admin_label=\u00bbText-intro\u00bb _builder_version=\u00bb4.25.1&#8243; _module_preset=\u00bb_initial\u00bb text_font=\u00bb|300|||||||\u00bb text_text_color=\u00bb#000000&#8243; text_font_size=\u00bb24px\u00bb text_line_height=\u00bb1.5em\u00bb link_font=\u00bb||||on|||#EA5472|\u00bb link_text_color=\u00bb#1D1D1B\u00bb header_font=\u00bb|300|||||||\u00bb header_font_size=\u00bb50px\u00bb header_2_font=\u00bb|300|||||||\u00bb header_2_text_color=\u00bb#1D1D1B\u00bb header_2_font_size=\u00bb30px\u00bb header_2_line_height=\u00bb1.4em\u00bb header_3_font=\u00bb|600|||||||\u00bb header_3_text_color=\u00bb#1D1D1B\u00bb header_3_font_size=\u00bb24px\u00bb header_3_line_height=\u00bb1.4em\u00bb header_4_font=\u00bb|700|||||||\u00bb header_5_font=\u00bb|700|||||||\u00bb header_5_text_color=\u00bb#1D1D1B\u00bb header_6_font=\u00bb||||||||\u00bb header_6_font_size=\u00bb13px\u00bb position_origin_f=\u00bbbottom_left\u00bb background_layout=\u00bbdark\u00bb width=\u00bb80%\u00bb width_tablet=\u00bb90%\u00bb width_phone=\u00bb95%\u00bb width_last_edited=\u00bbon|phone\u00bb max_width=\u00bb80%\u00bb module_alignment=\u00bbcenter\u00bb custom_margin=\u00bb40px||40px||true|false\u00bb custom_margin_tablet=\u00bb40px||40px||true|false\u00bb custom_margin_phone=\u00bb||||false\u00bb custom_margin_last_edited=\u00bbon|phone\u00bb text_font_size_tablet=\u00bb21px\u00bb text_font_size_phone=\u00bb19px\u00bb text_font_size_last_edited=\u00bbon|tablet\u00bb header_font_size_tablet=\u00bb45px\u00bb header_font_size_phone=\u00bb40px\u00bb header_font_size_last_edited=\u00bbon|phone\u00bb header_2_font_size_tablet=\u00bb\u00bb header_2_font_size_phone=\u00bb28px\u00bb header_2_font_size_last_edited=\u00bbon|desktop\u00bb header_3_font_size_tablet=\u00bb22px\u00bb header_3_font_size_phone=\u00bb20px\u00bb header_3_font_size_last_edited=\u00bbon|phone\u00bb header_4_font_size_tablet=\u00bb17px\u00bb header_4_font_size_phone=\u00bb17px\u00bb header_4_font_size_last_edited=\u00bbon|phone\u00bb header_5_font_size_tablet=\u00bb\u00bb header_5_font_size_phone=\u00bb\u00bb header_5_font_size_last_edited=\u00bbon|phone\u00bb locked=\u00bboff\u00bb global_colors_info=\u00bb{}\u00bb header_text_color__hover=\u00bb#00783B\u00bb header_text_color__hover_enabled=\u00bbon|hover\u00bb header_2_text_color__hover=\u00bb#EA5472&#8243; header_2_text_color__hover_enabled=\u00bbon|desktop\u00bb header_3_text_color__hover=\u00bb#00783B\u00bb header_3_text_color__hover_enabled=\u00bbon|hover\u00bb header_4_text_color__hover=\u00bb#B9B3AE\u00bb header_4_text_color__hover_enabled=\u00bbon|hover\u00bb header_5_text_color__hover=\u00bb#D1BF00&#8243; header_5_text_color__hover_enabled=\u00bbon|hover\u00bb header_6_text_color__hover=\u00bb#D1BF00&#8243; header_6_text_color__hover_enabled=\u00bbon|hover\u00bb]<\/p>\n<p class=\"p1\">Llevamos ya nueve a\u00f1os haciendo crecer el Festival de artes esc\u00e9nicas del pueblo de Maria de la Salut, unificando cultura y ruralidad. EiMa no es cualquier festival, es una propuesta innovadora y arriesgada que se convierte en un espacio de transformaci\u00f3n. Un cambio de mirada que producimos colectivamente, junto con la comunidad de Maria, a trav\u00e9s de la investigaci\u00f3n, la experimentaci\u00f3n y la escucha.<\/p>\n<p>[\/et_pb_text][\/et_pb_column][\/et_pb_row][\/et_pb_section][et_pb_section fb_built=\u00bb1&#8243; admin_label=\u00bb*CREACI\u00d3-FESTIVAL*\u00bb _builder_version=\u00bb4.25.1&#8243; _module_preset=\u00bbdefault\u00bb background_image=\u00bbhttps:\/\/festival2024.eimacreacio.com\/wp-content\/uploads\/sites\/7\/2024\/06\/EiMa-festival-01.jpg\u00bb background_position=\u00bbbottom_center\u00bb custom_padding=\u00bb75px||75px||true|false\u00bb background_last_edited=\u00bbon|phone\u00bb background_position_phone=\u00bbbottom_left\u00bb global_colors_info=\u00bb{}\u00bb][et_pb_row column_structure=\u00bb1_3,1_3,1_3&#8243; _builder_version=\u00bb4.25.1&#8243; _module_preset=\u00bbdefault\u00bb scroll_blur_enable=\u00bbon\u00bb scroll_blur=\u00bb0|40|60|100|90px|0px|0px\u00bb global_colors_info=\u00bb{}\u00bb][et_pb_column type=\u00bb1_3&#8243; _builder_version=\u00bb4.16&#8243; _module_preset=\u00bbdefault\u00bb background_enable_color=\u00bboff\u00bb background_enable_image=\u00bboff\u00bb background_size=\u00bbinitial\u00bb background_repeat=\u00bbrepeat\u00bb global_colors_info=\u00bb{}\u00bb][et_pb_text admin_label=\u00bbH2-FESTIVAL\u00bb _builder_version=\u00bb4.27.0&#8243; _dynamic_attributes=\u00bblink_option_url\u00bb _module_preset=\u00bb_initial\u00bb text_font=\u00bb|600|||||||\u00bb text_text_color=\u00bb#000000&#8243; text_font_size=\u00bb20px\u00bb text_letter_spacing=\u00bb4px\u00bb text_line_height=\u00bb1.6em\u00bb link_font=\u00bb||||on||||\u00bb link_text_color=\u00bb#182844&#8243; header_font=\u00bb|300|||||||\u00bb header_font_size=\u00bb50px\u00bb header_2_font=\u00bb|800|||||||\u00bb header_2_text_color=\u00bb#000000&#8243; header_2_font_size=\u00bb20px\u00bb header_2_line_height=\u00bb1.2em\u00bb header_3_font=\u00bb|800|||||||\u00bb header_3_font_size=\u00bb24px\u00bb header_4_font=\u00bb|700|||||||\u00bb header_5_font=\u00bb|700|||||||\u00bb header_5_text_color=\u00bb#1D1D1B\u00bb header_6_font=\u00bb||||||||\u00bb header_6_font_size=\u00bb13px\u00bb background_color=\u00bb#FFDD00&#8243; position_origin_f=\u00bbbottom_left\u00bb text_orientation=\u00bbcenter\u00bb max_width=\u00bb270px\u00bb module_alignment=\u00bbcenter\u00bb min_height=\u00bb270px\u00bb custom_margin_tablet=\u00bb40px||40px||true|false\u00bb custom_margin_phone=\u00bb||||false\u00bb custom_margin_last_edited=\u00bbon|phone\u00bb custom_padding=\u00bb120px|20px|0px|20px|false|true\u00bb link_option_url=\u00bb@ET-DC@eyJkeW5hbWljIjp0cnVlLCJjb250ZW50IjoicG9zdF9saW5rX3VybF9wYWdlIiwic2V0dGluZ3MiOnsicG9zdF9pZCI6IjU0NzMiLCJlbmFibGVfaHRtbCI6Im9mZiJ9fQ==@\u00bb scroll_vertical_motion=\u00bb0|50|50|100|0|0|-1&#8243; scroll_rotating_enable=\u00bbon\u00bb scroll_rotating=\u00bb0|50|50|100|0\u00b0|0\u00b0|-45\u00b0\u00bb text_font_size_tablet=\u00bb18px\u00bb text_font_size_phone=\u00bb16px\u00bb text_font_size_last_edited=\u00bbon|phone\u00bb header_font_size_tablet=\u00bb45px\u00bb header_font_size_phone=\u00bb40px\u00bb header_font_size_last_edited=\u00bbon|phone\u00bb header_2_font_size_tablet=\u00bb20px\u00bb header_2_font_size_phone=\u00bb18px\u00bb header_2_font_size_last_edited=\u00bbon|phone\u00bb header_3_font_size_tablet=\u00bb22px\u00bb header_3_font_size_phone=\u00bb20px\u00bb header_3_font_size_last_edited=\u00bbon|phone\u00bb header_4_font_size_tablet=\u00bb17px\u00bb header_4_font_size_phone=\u00bb17px\u00bb header_4_font_size_last_edited=\u00bbon|phone\u00bb header_5_font_size_tablet=\u00bb\u00bb header_5_font_size_phone=\u00bb\u00bb header_5_font_size_last_edited=\u00bbon|phone\u00bb module_alignment_tablet=\u00bbcenter\u00bb module_alignment_phone=\u00bbcenter\u00bb module_alignment_last_edited=\u00bbon|phone\u00bb border_radii=\u00bbon|135px|135px|135px|135px\u00bb border_color_all=\u00bb#182844&#8243; locked=\u00bboff\u00bb global_colors_info=\u00bb{}\u00bb header_text_color__hover=\u00bb#00783B\u00bb header_text_color__hover_enabled=\u00bbon|hover\u00bb header_2_text_color__hover=\u00bb#000000&#8243; header_2_text_color__hover_enabled=\u00bbon|hover\u00bb header_3_text_color__hover=\u00bb#D1BF00&#8243; header_3_text_color__hover_enabled=\u00bbon|hover\u00bb header_4_text_color__hover=\u00bb#B9B3AE\u00bb header_4_text_color__hover_enabled=\u00bbon|hover\u00bb header_5_text_color__hover=\u00bb#D1BF00&#8243; header_5_text_color__hover_enabled=\u00bbon|hover\u00bb header_6_text_color__hover=\u00bb#D1BF00&#8243; header_6_text_color__hover_enabled=\u00bbon|hover\u00bb border_color_all__hover_enabled=\u00bbon|desktop\u00bb border_color_all__hover=\u00bb#ff4e00&#8243; background__hover_enabled=\u00bbon|hover\u00bb transform_styles__hover_enabled=\u00bbon|hover\u00bb transform_scale__hover_enabled=\u00bbon|hover\u00bb transform_translate__hover_enabled=\u00bbon|desktop\u00bb transform_rotate__hover_enabled=\u00bbon|desktop\u00bb transform_skew__hover_enabled=\u00bbon|desktop\u00bb transform_origin__hover_enabled=\u00bbon|desktop\u00bb transform_scale__hover=\u00bb95%|95%\u00bb background_color__hover=\u00bb#FFFFFF\u00bb background_enable_color__hover=\u00bbon\u00bb]<\/p>\n<h2>24 JUL-4 AGO<\/h2>\n<h3>2024<\/h3>\n<p>[\/et_pb_text][\/et_pb_column][et_pb_column type=\u00bb1_3&#8243; _builder_version=\u00bb4.16&#8243; _module_preset=\u00bbdefault\u00bb background_enable_color=\u00bboff\u00bb global_colors_info=\u00bb{}\u00bb][\/et_pb_column][et_pb_column type=\u00bb1_3&#8243; _builder_version=\u00bb4.16&#8243; _module_preset=\u00bbdefault\u00bb background_enable_color=\u00bboff\u00bb global_colors_info=\u00bb{}\u00bb][\/et_pb_column][\/et_pb_row][\/et_pb_section][et_pb_section fb_built=\u00bb1&#8243; admin_label=\u00bb*PROGRAMA*\u00bb _builder_version=\u00bb4.25.1&#8243; _module_preset=\u00bbdefault\u00bb background_color=\u00bb#FAF5E9&#8243; background_enable_image=\u00bboff\u00bb background_position=\u00bbtop_center\u00bb custom_margin=\u00bb0px||0px||true|false\u00bb custom_padding=\u00bb0px||0px||true|false\u00bb collapsed=\u00bbon\u00bb global_colors_info=\u00bb{}\u00bb][et_pb_row column_structure=\u00bb1_2,1_2&#8243; use_custom_gutter=\u00bbon\u00bb gutter_width=\u00bb1&#8243; make_equal=\u00bbon\u00bb _builder_version=\u00bb4.25.1&#8243; _module_preset=\u00bbdefault\u00bb background_enable_color=\u00bboff\u00bb background_enable_image=\u00bboff\u00bb background_size=\u00bbinitial\u00bb background_repeat=\u00bbrepeat\u00bb width=\u00bb100%\u00bb max_width=\u00bb100%\u00bb module_alignment=\u00bbcenter\u00bb custom_padding=\u00bb0px||0px|||\u00bb global_colors_info=\u00bb{}\u00bb][et_pb_column type=\u00bb1_2&#8243; _builder_version=\u00bb4.25.1&#8243; _module_preset=\u00bbdefault\u00bb background_enable_color=\u00bboff\u00bb background_image=\u00bbhttps:\/\/festival2024.eimacreacio.com\/wp-content\/uploads\/sites\/7\/2024\/06\/EiMa-festival-03.jpg\u00bb background_position=\u00bbbottom_center\u00bb background_repeat=\u00bbrepeat\u00bb custom_padding=\u00bb50px|30px|50px|10px|true|false\u00bb custom_padding_tablet=\u00bb50px|30px|50px|10px|true|false\u00bb custom_padding_phone=\u00bb50px|10px|50px|10px|false|false\u00bb custom_padding_last_edited=\u00bbon|phone\u00bb sticky_limit_bottom=\u00bbsection\u00bb sticky_position_tablet=\u00bbtop\u00bb sticky_position_phone=\u00bbnone\u00bb sticky_position_last_edited=\u00bbon|desktop\u00bb border_width_all=\u00bb0.5px\u00bb border_color_all=\u00bb#06834B\u00bb global_colors_info=\u00bb{}\u00bb][et_pb_divider show_divider=\u00bboff\u00bb _builder_version=\u00bb4.25.2&#8243; _module_preset=\u00bbdefault\u00bb height_tablet=\u00bb400px\u00bb height_phone=\u00bb200px\u00bb height_last_edited=\u00bbon|tablet\u00bb global_colors_info=\u00bb{}\u00bb][\/et_pb_divider][\/et_pb_column][et_pb_column type=\u00bb1_2&#8243; _builder_version=\u00bb4.25.1&#8243; _module_preset=\u00bbdefault\u00bb background_color=\u00bb#FFDD00&#8243; background_enable_image=\u00bboff\u00bb background_size=\u00bbcustom\u00bb background_image_width=\u00bb68%\u00bb background_position=\u00bbbottom_left\u00bb custom_padding=\u00bb50px|30px|50px|10px|true|false\u00bb custom_padding_tablet=\u00bb\u00bb custom_padding_phone=\u00bb50px|10px|50px|10px|false|false\u00bb custom_padding_last_edited=\u00bbon|phone\u00bb sticky_limit_bottom=\u00bbsection\u00bb background_last_edited=\u00bbon|phone\u00bb background_image_width_tablet=\u00bb57%\u00bb background_image_width_phone=\u00bb75%\u00bb sticky_position_tablet=\u00bb\u00bb sticky_position_phone=\u00bbnone\u00bb sticky_position_last_edited=\u00bbon|desktop\u00bb border_width_all=\u00bb0.5px\u00bb border_color_all=\u00bb#06834B\u00bb global_colors_info=\u00bb{}\u00bb][et_pb_text disabled_on=\u00bbon|on|on\u00bb admin_label=\u00bbH3-El centre\u00bb _builder_version=\u00bb4.25.2&#8243; _module_preset=\u00bb_initial\u00bb text_font=\u00bb|300|||||||\u00bb text_text_color=\u00bb#1D1D1B\u00bb text_font_size=\u00bb20px\u00bb text_line_height=\u00bb1.5em\u00bb link_font=\u00bb||||on|||#EA5472|\u00bb link_text_color=\u00bb#1D1D1B\u00bb header_font=\u00bb|300|||||||\u00bb header_font_size=\u00bb50px\u00bb header_2_font=\u00bb|300|||||||\u00bb header_2_text_color=\u00bb#1D1D1B\u00bb header_2_font_size=\u00bb40px\u00bb header_2_line_height=\u00bb1.2em\u00bb header_3_font=\u00bb|300|||||||\u00bb header_3_text_color=\u00bb#000000&#8243; header_3_font_size=\u00bb30px\u00bb header_4_font=\u00bb|700|||||||\u00bb header_5_font=\u00bb|700|||||||\u00bb header_5_text_color=\u00bb#1D1D1B\u00bb header_6_font=\u00bb||||||||\u00bb header_6_font_size=\u00bb13px\u00bb position_origin_f=\u00bbbottom_left\u00bb background_layout=\u00bbdark\u00bb width=\u00bb80%\u00bb width_tablet=\u00bb90%\u00bb width_phone=\u00bb95%\u00bb width_last_edited=\u00bbon|phone\u00bb module_alignment=\u00bbcenter\u00bb custom_margin=\u00bb|||47px||\u00bb custom_margin_tablet=\u00bb|||47px||\u00bb custom_margin_phone=\u00bb||||false\u00bb custom_margin_last_edited=\u00bbon|phone\u00bb text_font_size_tablet=\u00bb18px\u00bb text_font_size_phone=\u00bb16px\u00bb text_font_size_last_edited=\u00bbon|phone\u00bb header_font_size_tablet=\u00bb45px\u00bb header_font_size_phone=\u00bb40px\u00bb header_font_size_last_edited=\u00bbon|phone\u00bb header_2_font_size_tablet=\u00bb35px\u00bb header_2_font_size_phone=\u00bb30px\u00bb header_2_font_size_last_edited=\u00bbon|phone\u00bb header_3_font_size_tablet=\u00bb30px\u00bb header_3_font_size_phone=\u00bb25px\u00bb header_3_font_size_last_edited=\u00bbon|phone\u00bb header_4_font_size_tablet=\u00bb17px\u00bb header_4_font_size_phone=\u00bb17px\u00bb header_4_font_size_last_edited=\u00bbon|phone\u00bb header_5_font_size_tablet=\u00bb\u00bb header_5_font_size_phone=\u00bb\u00bb header_5_font_size_last_edited=\u00bbon|phone\u00bb disabled=\u00bbon\u00bb locked=\u00bboff\u00bb global_colors_info=\u00bb{}\u00bb header_text_color__hover=\u00bb#00783B\u00bb header_text_color__hover_enabled=\u00bbon|hover\u00bb header_2_text_color__hover=\u00bb#EA5472&#8243; header_2_text_color__hover_enabled=\u00bbon|desktop\u00bb header_3_text_color__hover=\u00bb#000000&#8243; header_3_text_color__hover_enabled=\u00bbon|hover\u00bb header_4_text_color__hover=\u00bb#B9B3AE\u00bb header_4_text_color__hover_enabled=\u00bbon|hover\u00bb header_5_text_color__hover=\u00bb#D1BF00&#8243; header_5_text_color__hover_enabled=\u00bbon|hover\u00bb header_6_text_color__hover=\u00bb#D1BF00&#8243; header_6_text_color__hover_enabled=\u00bbon|hover\u00bb]<\/p>\n<h3>Proyectos comunitarios<\/h3>\n<p>[\/et_pb_text][et_pb_text admin_label=\u00bbText-El centre\u00bb _builder_version=\u00bb4.25.1&#8243; _module_preset=\u00bb_initial\u00bb text_font=\u00bb|300|||||||\u00bb text_text_color=\u00bb#1D1D1B\u00bb text_font_size=\u00bb20px\u00bb text_line_height=\u00bb1.5em\u00bb link_font=\u00bb||||on|||#EA5472|\u00bb link_text_color=\u00bb#1D1D1B\u00bb header_font=\u00bb|300|||||||\u00bb header_font_size=\u00bb50px\u00bb header_2_font=\u00bb|300|||||||\u00bb header_2_text_color=\u00bb#1D1D1B\u00bb header_2_font_size=\u00bb60px\u00bb header_2_line_height=\u00bb1.2em\u00bb header_3_font=\u00bb|600|||||||\u00bb header_3_font_size=\u00bb24px\u00bb header_4_font=\u00bb|700|||||||\u00bb header_5_font=\u00bb|700|||||||\u00bb header_5_text_color=\u00bb#1D1D1B\u00bb header_6_font=\u00bb||||||||\u00bb header_6_font_size=\u00bb13px\u00bb position_origin_f=\u00bbbottom_left\u00bb background_layout=\u00bbdark\u00bb width=\u00bb80%\u00bb width_tablet=\u00bb90%\u00bb width_phone=\u00bb95%\u00bb width_last_edited=\u00bbon|phone\u00bb module_alignment=\u00bbcenter\u00bb custom_margin=\u00bb40px||40px||true|false\u00bb custom_margin_tablet=\u00bb40px||40px||true|false\u00bb custom_margin_phone=\u00bb||||false\u00bb custom_margin_last_edited=\u00bbon|phone\u00bb text_font_size_tablet=\u00bb18px\u00bb text_font_size_phone=\u00bb16px\u00bb text_font_size_last_edited=\u00bbon|phone\u00bb header_font_size_tablet=\u00bb45px\u00bb header_font_size_phone=\u00bb40px\u00bb header_font_size_last_edited=\u00bbon|phone\u00bb header_2_font_size_tablet=\u00bb40px\u00bb header_2_font_size_phone=\u00bb30px\u00bb header_2_font_size_last_edited=\u00bbon|phone\u00bb header_3_font_size_tablet=\u00bb22px\u00bb header_3_font_size_phone=\u00bb20px\u00bb header_3_font_size_last_edited=\u00bbon|phone\u00bb header_4_font_size_tablet=\u00bb17px\u00bb header_4_font_size_phone=\u00bb17px\u00bb header_4_font_size_last_edited=\u00bbon|phone\u00bb header_5_font_size_tablet=\u00bb\u00bb header_5_font_size_phone=\u00bb\u00bb header_5_font_size_last_edited=\u00bbon|phone\u00bb global_colors_info=\u00bb{}\u00bb header_text_color__hover=\u00bb#00783B\u00bb header_text_color__hover_enabled=\u00bbon|hover\u00bb header_2_text_color__hover=\u00bb#EA5472&#8243; header_2_text_color__hover_enabled=\u00bbon|desktop\u00bb header_3_text_color__hover=\u00bb#D1BF00&#8243; header_3_text_color__hover_enabled=\u00bbon|hover\u00bb header_4_text_color__hover=\u00bb#B9B3AE\u00bb header_4_text_color__hover_enabled=\u00bbon|hover\u00bb header_5_text_color__hover=\u00bb#D1BF00&#8243; header_5_text_color__hover_enabled=\u00bbon|hover\u00bb header_6_text_color__hover=\u00bb#D1BF00&#8243; header_6_text_color__hover_enabled=\u00bbon|hover\u00bb]<\/p>\n<p><span style=\"font-weight: 400\">Durante nuestro festival anual de danza y artes esc\u00e9nicas fomentamos una cultura basada en el intercambio de pensamientos y acciones que impulsen el esp\u00edritu libre y creativo. <\/span><span style=\"font-weight: 400\">Por eso organizamos un programa de actividades y eventos que se enlaza con todo el proceso comenzado en a\u00f1os anteriores con proyectos comunitarios de gran valor para nosotros.<br \/><\/span><\/p>\n<p>[\/et_pb_text][\/et_pb_column][\/et_pb_row][\/et_pb_section]<\/p>\n","protected":false},"excerpt":{"rendered":"<p>9\u00ba Festival EiMaLlevamos ya nueve a\u00f1os haciendo crecer el Festival de artes esc\u00e9nicas del pueblo de Maria de la Salut, unificando cultura y ruralidad. EiMa no es cualquier festival, es una propuesta innovadora y arriesgada que se convierte en un espacio de transformaci\u00f3n. Un cambio de mirada que producimos colectivamente, junto con la comunidad de [&hellip;]<\/p>\n","protected":false},"author":3,"featured_media":942,"parent":0,"menu_order":0,"comment_status":"closed","ping_status":"closed","template":"","meta":{"_et_pb_use_builder":"on","_et_pb_old_content":"","_et_gb_content_width":"","footnotes":""},"class_list":["post-945","page","type-page","status-publish","has-post-thumbnail","hentry"],"_links":{"self":[{"href":"https:\/\/festival2024.eimacreacio.com\/es\/wp-json\/wp\/v2\/pages\/945","targetHints":{"allow":["GET"]}}],"collection":[{"href":"https:\/\/festival2024.eimacreacio.com\/es\/wp-json\/wp\/v2\/pages"}],"about":[{"href":"https:\/\/festival2024.eimacreacio.com\/es\/wp-json\/wp\/v2\/types\/page"}],"author":[{"embeddable":true,"href":"https:\/\/festival2024.eimacreacio.com\/es\/wp-json\/wp\/v2\/users\/3"}],"replies":[{"embeddable":true,"href":"https:\/\/festival2024.eimacreacio.com\/es\/wp-json\/wp\/v2\/comments?post=945"}],"version-history":[{"count":18,"href":"https:\/\/festival2024.eimacreacio.com\/es\/wp-json\/wp\/v2\/pages\/945\/revisions"}],"predecessor-version":[{"id":1339,"href":"https:\/\/festival2024.eimacreacio.com\/es\/wp-json\/wp\/v2\/pages\/945\/revisions\/1339"}],"wp:featuredmedia":[{"embeddable":true,"href":"https:\/\/festival2024.eimacreacio.com\/es\/wp-json\/wp\/v2\/media\/942"}],"wp:attachment":[{"href":"https:\/\/festival2024.eimacreacio.com\/es\/wp-json\/wp\/v2\/media?parent=945"}],"curies":[{"name":"wp","href":"https:\/\/api.w.org\/{rel}","templated":true}]}}