{"id":1129,"date":"2024-05-28T12:02:38","date_gmt":"2024-05-28T10:02:38","guid":{"rendered":"https:\/\/festival2024.eimacreacio.com\/quienes-somos\/"},"modified":"2026-03-16T17:51:06","modified_gmt":"2026-03-16T16:51:06","slug":"quienes-somos","status":"publish","type":"page","link":"https:\/\/festival2024.eimacreacio.com\/es\/quienes-somos\/","title":{"rendered":"Qui\u00e9nes somos"},"content":{"rendered":"<p>[et_pb_section fb_built=\u00bb1&#8243; admin_label=\u00bb*CABECERA*\u00bb _builder_version=\u00bb4.25.1&#8243; _module_preset=\u00bbdefault\u00bb background_color=\u00bb#FFFFFF\u00bb custom_padding=\u00bb0px||1px|||\u00bb global_colors_info=\u00bb{}\u00bb][et_pb_row column_structure=\u00bb2_5,3_5&#8243; custom_padding_last_edited=\u00bbon|phone\u00bb _builder_version=\u00bb4.25.1&#8243; _module_preset=\u00bbdefault\u00bb background_color=\u00bbRGBA(255,255,255,0)\u00bb width=\u00bb100%\u00bb max_width=\u00bb100%\u00bb module_alignment=\u00bbleft\u00bb custom_padding=\u00bb50px||0px||false|false\u00bb custom_padding_tablet=\u00bb40px||||false|false\u00bb custom_padding_phone=\u00bb20px||||false|false\u00bb global_colors_info=\u00bb{}\u00bb][et_pb_column type=\u00bb2_5&#8243; _builder_version=\u00bb4.16&#8243; _module_preset=\u00bbdefault\u00bb global_colors_info=\u00bb{}\u00bb][\/et_pb_column][et_pb_column type=\u00bb3_5&#8243; _builder_version=\u00bb4.16&#8243; _module_preset=\u00bbdefault\u00bb global_colors_info=\u00bb{}\u00bb][et_pb_text admin_label=\u00bbH1&#8243; _builder_version=\u00bb4.25.1&#8243; _module_preset=\u00bb_initial\u00bb header_font=\u00bbSora|300|||||||\u00bb header_text_align=\u00bbright\u00bb header_text_color=\u00bb#000000&#8243; header_font_size=\u00bb70px\u00bb header_line_height=\u00bb1.2em\u00bb text_orientation=\u00bbright\u00bb width=\u00bb80%\u00bb width_tablet=\u00bb90%\u00bb width_phone=\u00bb95%\u00bb width_last_edited=\u00bbon|phone\u00bb max_width=\u00bb80%\u00bb module_alignment=\u00bbcenter\u00bb custom_margin=\u00bb40px||40px||true|false\u00bb custom_margin_tablet=\u00bb40px||40px||true|false\u00bb custom_margin_phone=\u00bb||||false\u00bb custom_margin_last_edited=\u00bbon|phone\u00bb header_text_align_tablet=\u00bbright\u00bb header_text_align_phone=\u00bbcenter\u00bb header_text_align_last_edited=\u00bbon|phone\u00bb header_font_size_tablet=\u00bb60px\u00bb header_font_size_phone=\u00bb50px\u00bb header_font_size_last_edited=\u00bbon|phone\u00bb global_colors_info=\u00bb{}\u00bb]<\/p>\n<h1>Qui\u00e9nes somos<\/h1>\n<p>[\/et_pb_text][\/et_pb_column][\/et_pb_row][\/et_pb_section][et_pb_section fb_built=\u00bb1&#8243; _builder_version=\u00bb4.25.1&#8243; _module_preset=\u00bbdefault\u00bb background_color=\u00bb#FFDD00&#8243; background_image=\u00bbhttps:\/\/festival2024.eimacreacio.com\/wp-content\/uploads\/sites\/7\/2024\/05\/Mesa-de-trabajo-2.png\u00bb background_size=\u00bbcontain\u00bb background_position=\u00bbtop_center\u00bb custom_margin=\u00bb0px||0px||false|false\u00bb custom_padding=\u00bb0px||0px||false|false\u00bb border_color_all=\u00bb#000000&#8243; border_width_top=\u00bb1px\u00bb border_color_top=\u00bb#06834B\u00bb global_colors_info=\u00bb{}\u00bb][et_pb_row column_structure=\u00bb2_5,3_5&#8243; use_custom_gutter=\u00bbon\u00bb gutter_width=\u00bb1&#8243; make_equal=\u00bbon\u00bb _builder_version=\u00bb4.24.0&#8243; _module_preset=\u00bbdefault\u00bb width=\u00bb100%\u00bb max_width=\u00bb100%\u00bb custom_margin=\u00bb0px|0px|0px|0px|false|false\u00bb custom_padding=\u00bb0px|0px|0px|0px|false|false\u00bb global_colors_info=\u00bb{}\u00bb][et_pb_column type=\u00bb2_5&#8243; _builder_version=\u00bb4.24.0&#8243; _module_preset=\u00bbdefault\u00bb border_color_all=\u00bb#000000&#8243; global_colors_info=\u00bb{}\u00bb][et_pb_image src=\u00bbhttps:\/\/festival2024.eimacreacio.com\/wp-content\/uploads\/sites\/7\/2024\/05\/Qui-som.jpg\u00bb title_text=\u00bbquienes-somos\u00bb _builder_version=\u00bb4.25.1&#8243; _module_preset=\u00bbdefault\u00bb global_colors_info=\u00bb{}\u00bb][\/et_pb_image][\/et_pb_column][et_pb_column type=\u00bb3_5&#8243; _builder_version=\u00bb4.24.0&#8243; _module_preset=\u00bbdefault\u00bb border_color_all=\u00bb#000000&#8243; global_colors_info=\u00bb{}\u00bb][\/et_pb_column][\/et_pb_row][et_pb_row column_structure=\u00bb2_5,3_5&#8243; use_custom_gutter=\u00bbon\u00bb gutter_width=\u00bb1&#8243; make_equal=\u00bbon\u00bb _builder_version=\u00bb4.24.1&#8243; _module_preset=\u00bbdefault\u00bb width=\u00bb100%\u00bb max_width=\u00bb100%\u00bb custom_margin=\u00bb0px|0px|0px|0px|false|false\u00bb custom_padding=\u00bb0px|0px|0px|0px|false|false\u00bb global_colors_info=\u00bb{}\u00bb][et_pb_column type=\u00bb2_5&#8243; _builder_version=\u00bb4.24.0&#8243; _module_preset=\u00bbdefault\u00bb border_color_all=\u00bb#000000&#8243; global_colors_info=\u00bb{}\u00bb][\/et_pb_column][et_pb_column type=\u00bb3_5&#8243; _builder_version=\u00bb4.24.0&#8243; _module_preset=\u00bbdefault\u00bb border_color_all=\u00bb#000000&#8243; global_colors_info=\u00bb{}\u00bb][et_pb_text admin_label=\u00bbText-intro\u00bb _builder_version=\u00bb4.25.1&#8243; _module_preset=\u00bb_initial\u00bb text_font=\u00bb|300|||||||\u00bb text_text_color=\u00bb#000000&#8243; text_font_size=\u00bb24px\u00bb text_line_height=\u00bb1.5em\u00bb link_font=\u00bb||||on|||#EA5472|\u00bb link_text_color=\u00bb#1D1D1B\u00bb header_font=\u00bb|300|||||||\u00bb header_font_size=\u00bb50px\u00bb header_2_font=\u00bb|300|||||||\u00bb header_2_text_color=\u00bb#1D1D1B\u00bb header_2_font_size=\u00bb30px\u00bb header_2_line_height=\u00bb1.4em\u00bb header_3_font=\u00bb|600|||||||\u00bb header_3_text_color=\u00bb#1D1D1B\u00bb header_3_font_size=\u00bb24px\u00bb header_3_line_height=\u00bb1.4em\u00bb header_4_font=\u00bb|700|||||||\u00bb header_5_font=\u00bb|700|||||||\u00bb header_5_text_color=\u00bb#1D1D1B\u00bb header_6_font=\u00bb||||||||\u00bb header_6_font_size=\u00bb13px\u00bb position_origin_f=\u00bbbottom_left\u00bb background_layout=\u00bbdark\u00bb width=\u00bb80%\u00bb width_tablet=\u00bb90%\u00bb width_phone=\u00bb95%\u00bb width_last_edited=\u00bbon|phone\u00bb max_width=\u00bb80%\u00bb module_alignment=\u00bbcenter\u00bb custom_margin=\u00bb100px||40px||false|false\u00bb custom_margin_tablet=\u00bb40px||40px||true|false\u00bb custom_margin_phone=\u00bb80px||||false|false\u00bb custom_margin_last_edited=\u00bbon|phone\u00bb text_font_size_tablet=\u00bb22px\u00bb text_font_size_phone=\u00bb19px\u00bb text_font_size_last_edited=\u00bbon|phone\u00bb header_font_size_tablet=\u00bb45px\u00bb header_font_size_phone=\u00bb40px\u00bb header_font_size_last_edited=\u00bbon|phone\u00bb header_2_font_size_tablet=\u00bb\u00bb header_2_font_size_phone=\u00bb28px\u00bb header_2_font_size_last_edited=\u00bbon|desktop\u00bb header_3_font_size_tablet=\u00bb22px\u00bb header_3_font_size_phone=\u00bb20px\u00bb header_3_font_size_last_edited=\u00bbon|phone\u00bb header_4_font_size_tablet=\u00bb17px\u00bb header_4_font_size_phone=\u00bb17px\u00bb header_4_font_size_last_edited=\u00bbon|phone\u00bb header_5_font_size_tablet=\u00bb\u00bb header_5_font_size_phone=\u00bb\u00bb header_5_font_size_last_edited=\u00bbon|phone\u00bb locked=\u00bboff\u00bb global_colors_info=\u00bb{}\u00bb header_text_color__hover=\u00bb#00783B\u00bb header_text_color__hover_enabled=\u00bbon|hover\u00bb header_2_text_color__hover=\u00bb#EA5472&#8243; header_2_text_color__hover_enabled=\u00bbon|desktop\u00bb header_3_text_color__hover=\u00bb#00783B\u00bb header_3_text_color__hover_enabled=\u00bbon|hover\u00bb header_4_text_color__hover=\u00bb#B9B3AE\u00bb header_4_text_color__hover_enabled=\u00bbon|hover\u00bb header_5_text_color__hover=\u00bb#D1BF00&#8243; header_5_text_color__hover_enabled=\u00bbon|hover\u00bb header_6_text_color__hover=\u00bb#D1BF00&#8243; header_6_text_color__hover_enabled=\u00bbon|hover\u00bb]EiMa Creaci\u00f3n somos una asociaci\u00f3n cultural sin \u00e1nimo de lucro que tiene por objeto la promoci\u00f3n y la defensa de la cultura y de los intereses culturales de los profesionales de la danza. Contamos con un Centro de Creaci\u00f3n (Can Sus Monjas) nacido con la intenci\u00f3n de crear v\u00ednculos sociales y responder a los deseos culturales de los habitantes de Maria de la Salut y sus municipios vecinos mediante la cultura contempor\u00e1nea  Acogemos artistas, pensadores y creadores que requieran tiempos y espacio para investigar y desarrollar sus procesos creativos.[\/et_pb_text][\/et_pb_column][\/et_pb_row][et_pb_row column_structure=\u00bb1_2,1_2&#8243; use_custom_gutter=\u00bbon\u00bb gutter_width=\u00bb1&#8243; make_equal=\u00bbon\u00bb _builder_version=\u00bb4.24.1&#8243; _module_preset=\u00bbdefault\u00bb width=\u00bb100%\u00bb max_width=\u00bb100%\u00bb custom_margin=\u00bb0px|0px|0px|0px|false|false\u00bb custom_padding=\u00bb0px|0px|0px|0px|false|false\u00bb hover_enabled=\u00bb0&#8243; global_colors_info=\u00bb{}\u00bb sticky_enabled=\u00bb0&#8243;][et_pb_column type=\u00bb1_2&#8243; _builder_version=\u00bb4.24.0&#8243; _module_preset=\u00bbdefault\u00bb border_color_all=\u00bb#000000&#8243; global_colors_info=\u00bb{}\u00bb][et_pb_text admin_label=\u00bbText-El centre\u00bb _builder_version=\u00bb4.25.1&#8243; _module_preset=\u00bb_initial\u00bb text_font=\u00bb|300|||||||\u00bb text_text_color=\u00bb#1D1D1B\u00bb text_font_size=\u00bb18px\u00bb text_line_height=\u00bb1.5em\u00bb link_font=\u00bb||||on|||#EA5472|\u00bb link_text_color=\u00bb#1D1D1B\u00bb header_font=\u00bb|300|||||||\u00bb header_font_size=\u00bb50px\u00bb header_2_font=\u00bb|300|||||||\u00bb header_2_text_color=\u00bb#1D1D1B\u00bb header_2_font_size=\u00bb60px\u00bb header_2_line_height=\u00bb1.2em\u00bb header_3_font=\u00bb|600|||||||\u00bb header_3_text_color=\u00bb#000000&#8243; header_3_font_size=\u00bb24px\u00bb header_4_font=\u00bb|700|||||||\u00bb header_5_font=\u00bb|700|||||||\u00bb header_5_text_color=\u00bb#1D1D1B\u00bb header_6_font=\u00bb||||||||\u00bb header_6_font_size=\u00bb13px\u00bb position_origin_f=\u00bbbottom_left\u00bb background_layout=\u00bbdark\u00bb width=\u00bb80%\u00bb width_tablet=\u00bb90%\u00bb width_phone=\u00bb95%\u00bb width_last_edited=\u00bbon|phone\u00bb max_width=\u00bb80%\u00bb module_alignment=\u00bbcenter\u00bb custom_margin=\u00bb80px|30px|80px|10px|false|false\u00bb custom_margin_tablet=\u00bb80px||80px|30px|true|false\u00bb custom_margin_phone=\u00bb|10px||10px|false|true\u00bb custom_margin_last_edited=\u00bbon|phone\u00bb text_font_size_tablet=\u00bb18px\u00bb text_font_size_phone=\u00bb16px\u00bb text_font_size_last_edited=\u00bbon|phone\u00bb text_line_height_tablet=\u00bb1.6em\u00bb text_line_height_phone=\u00bb1.6em\u00bb text_line_height_last_edited=\u00bbon|phone\u00bb header_font_size_tablet=\u00bb45px\u00bb header_font_size_phone=\u00bb40px\u00bb header_font_size_last_edited=\u00bbon|phone\u00bb header_2_font_size_tablet=\u00bb40px\u00bb header_2_font_size_phone=\u00bb30px\u00bb header_2_font_size_last_edited=\u00bbon|phone\u00bb header_3_font_size_tablet=\u00bb22px\u00bb header_3_font_size_phone=\u00bb20px\u00bb header_3_font_size_last_edited=\u00bbon|phone\u00bb header_4_font_size_tablet=\u00bb17px\u00bb header_4_font_size_phone=\u00bb17px\u00bb header_4_font_size_last_edited=\u00bbon|phone\u00bb header_5_font_size_tablet=\u00bb\u00bb header_5_font_size_phone=\u00bb\u00bb header_5_font_size_last_edited=\u00bbon|phone\u00bb global_colors_info=\u00bb{}\u00bb header_text_color__hover=\u00bb#00783B\u00bb header_text_color__hover_enabled=\u00bbon|hover\u00bb header_2_text_color__hover=\u00bb#EA5472&#8243; header_2_text_color__hover_enabled=\u00bbon|desktop\u00bb header_3_text_color__hover=\u00bb#000000&#8243; header_3_text_color__hover_enabled=\u00bbon|hover\u00bb header_4_text_color__hover=\u00bb#B9B3AE\u00bb header_4_text_color__hover_enabled=\u00bbon|hover\u00bb header_5_text_color__hover=\u00bb#D1BF00&#8243; header_5_text_color__hover_enabled=\u00bbon|hover\u00bb header_6_text_color__hover=\u00bb#D1BF00&#8243; header_6_text_color__hover_enabled=\u00bbon|hover\u00bb]<\/p>\n<h3>Mariant\u00f2nia Oliver<\/h3>\n<p>Creadora, int\u00e9rprete, pedagoga y gestora cultural. Directora art\u00edstica del Festival y Centro de Creaci\u00f3n desde sus inicios Desde el a\u00f1o 1989 dirige su propia compa\u00f1\u00eda Mariant\u00f2nia Oliver presentando sus creaciones en Europa, Asia y Am\u00e9rica Latina y desde el a\u00f1o 2000 vuelve a residir en Mallorca d\u00f3nde es creadora de m\u00faltiples proyectos de educaci\u00f3n y promoci\u00f3n de la danza en Mallorca (Baleares). Ha sido jurado de Arte Joven, asesora art\u00edstica del Festival Palma Danza, es miembro fundadora de la Asociaci\u00f3n Profesional de Danza de las Islas Baleares. Profesora a la ESADIB y en el Conservatorio de Palma. Mediadora de m\u00faltiples proyectos sociales desde la mirada art\u00edstica.<\/p>\n<p>&nbsp;<\/p>\n<h3>Nancy Veltri<\/h3>\n<p>Publicista y comunicadora con m\u00e1s de 10 a\u00f1os de experiencia en Marketing, Comunicaci\u00f3n y Dise\u00f1o. Fue la coordinadora de la Agenda Cultural Prisma (Buenos Aires, zona Sur) desde 2016 a 2018. M\u00e1ster en Gesti\u00f3n de Instituciones y Empresas Culturales (Universitat de Barcelona). Ha col\u00b7laborat en projectes culturals a Espanya (Festival Altres Cinemes, Associaci\u00f3 Cuerpo Plural) i l\u2019Argentina (C\u00e1mara Viajera, Azaro Contenidos). Ha participat en iniciatives socials de fort comprom\u00eds ciutad\u00e0 en serveis a col\u00b7lectius vulnerables (Action Aid, DIME).<\/p>\n<p>&nbsp;<\/p>\n<h3>Melania Forte<\/h3>\n<p>Productora i gestora de projectes culturals i educatius. Compta amb sis anys d\u2019experi\u00e8ncia coordinant projectes d\u2019Educaci\u00f3 No Formal i Aprenentatge Experiencial dins el programa Erasmus+ i col\u00b7laborant amb entitats a m\u00e9s de 10 Pa\u00efsos europeus. Est\u00e0 graduada en Dret, titulada en Direcci\u00f3 de projectes culturals amb La F\u00e1brica i Fundaci\u00f3n Contempor\u00e0nea i \u00e9s cofundadora d&#8217;Asociaci\u00f3n Din\u00e1mica. A m\u00e9s ha gestionat el programa de Beques educatives de l\u2019Ajuntament de Calvi\u00e0, Mallorca durant dos anys.<\/p>\n<p>&nbsp;<\/p>\n<h3>Bego\u00f1a Mart\u00ednez<\/h3>\n<p>Bego\u00f1a Mart\u00ednez \u00e9s historiadora de l\u2019art, cr\u00edtica i gestora cultural. Nascuda a Lima, Mallorca l\u2019ha vist cr\u00e9ixer. Entre la identidad diasp\u00f3rica y la vinculaci\u00f3n insular, sus pr\u00e1cticas se fundamentan en la interculturalidad y la agencia \u00e9tica. Ha trabajado en espacios nacionales e internacionales como La Madraza (Granada) o el Instituto Cervantes de Par\u00eds. En Mallorca trabaja en el acompa\u00f1amiento de espacios de creaci\u00f3n como Suralita (Manacor) y EiMa (Maria de la Salut).<\/p>\n<p>[\/et_pb_text][et_pb_text _builder_version=\u00bb4.25.2&#8243; _module_preset=\u00bbdefault\u00bb hover_enabled=\u00bb0&#8243; sticky_enabled=\u00bb0&#8243; custom_padding=\u00bb0px|||80px|false|false\u00bb]<\/p>\n<p style=\"text-align: left\"><span>DISE\u00d1O CARTEL : <a href=\"https:\/\/pelopanton.com\/contacto\/\" target=\"_blank\" rel=\"noopener\" title=\"Luis Resines (Resi)\">Luis Resines (Resi)<\/a><\/span><\/p>\n<p>[\/et_pb_text][\/et_pb_column][et_pb_column type=\u00bb1_2&#8243; _builder_version=\u00bb4.24.0&#8243; _module_preset=\u00bbdefault\u00bb border_color_all=\u00bb#000000&#8243; global_colors_info=\u00bb{}\u00bb][\/et_pb_column][\/et_pb_row][et_pb_row use_custom_gutter=\u00bbon\u00bb gutter_width=\u00bb1&#8243; make_equal=\u00bbon\u00bb disabled_on=\u00bbon|on|on\u00bb _builder_version=\u00bb4.24.0&#8243; _module_preset=\u00bbdefault\u00bb width=\u00bb100%\u00bb max_width=\u00bb100%\u00bb custom_margin=\u00bb0px|0px|0px|0px|false|false\u00bb custom_padding=\u00bb0px|0px|0px|0px|false|false\u00bb disabled=\u00bbon\u00bb global_colors_info=\u00bb{}\u00bb][et_pb_column type=\u00bb4_4&#8243; _builder_version=\u00bb4.24.0&#8243; _module_preset=\u00bbdefault\u00bb global_colors_info=\u00bb{}\u00bb][et_pb_gallery gallery_ids=\u00bb183,186,189,192&#8243; posts_number=\u00bb6&#8243; show_title_and_caption=\u00bboff\u00bb show_pagination=\u00bboff\u00bb zoom_icon_color=\u00bbRGBA(216,216,216,0)\u00bb hover_overlay_color=\u00bbRGBA(216,216,216,0)\u00bb hover_icon=\u00bbL||divi||400&#8243; _builder_version=\u00bb4.25.1&#8243; _module_preset=\u00bbdefault\u00bb caption_text_color=\u00bbRGBA(216,216,216,0)\u00bb global_colors_info=\u00bb{}\u00bb][\/et_pb_gallery][\/et_pb_column][\/et_pb_row][\/et_pb_section]<\/p>\n","protected":false},"excerpt":{"rendered":"<p>Qui\u00e9nes somosEiMa Creaci\u00f3n somos una asociaci\u00f3n cultural sin \u00e1nimo de lucro que tiene por objeto la promoci\u00f3n y la defensa de la cultura y de los intereses culturales de los profesionales de la danza. Contamos con un Centro de Creaci\u00f3n (Can Sus Monjas) nacido con la intenci\u00f3n de crear v\u00ednculos sociales y responder a los [&hellip;]<\/p>\n","protected":false},"author":3,"featured_media":942,"parent":0,"menu_order":0,"comment_status":"closed","ping_status":"closed","template":"","meta":{"_et_pb_use_builder":"on","_et_pb_old_content":"","_et_gb_content_width":"","footnotes":""},"class_list":["post-1129","page","type-page","status-publish","has-post-thumbnail","hentry"],"_links":{"self":[{"href":"https:\/\/festival2024.eimacreacio.com\/es\/wp-json\/wp\/v2\/pages\/1129","targetHints":{"allow":["GET"]}}],"collection":[{"href":"https:\/\/festival2024.eimacreacio.com\/es\/wp-json\/wp\/v2\/pages"}],"about":[{"href":"https:\/\/festival2024.eimacreacio.com\/es\/wp-json\/wp\/v2\/types\/page"}],"author":[{"embeddable":true,"href":"https:\/\/festival2024.eimacreacio.com\/es\/wp-json\/wp\/v2\/users\/3"}],"replies":[{"embeddable":true,"href":"https:\/\/festival2024.eimacreacio.com\/es\/wp-json\/wp\/v2\/comments?post=1129"}],"version-history":[{"count":8,"href":"https:\/\/festival2024.eimacreacio.com\/es\/wp-json\/wp\/v2\/pages\/1129\/revisions"}],"predecessor-version":[{"id":1342,"href":"https:\/\/festival2024.eimacreacio.com\/es\/wp-json\/wp\/v2\/pages\/1129\/revisions\/1342"}],"wp:featuredmedia":[{"embeddable":true,"href":"https:\/\/festival2024.eimacreacio.com\/es\/wp-json\/wp\/v2\/media\/942"}],"wp:attachment":[{"href":"https:\/\/festival2024.eimacreacio.com\/es\/wp-json\/wp\/v2\/media?parent=1129"}],"curies":[{"name":"wp","href":"https:\/\/api.w.org\/{rel}","templated":true}]}}