{"id":931,"date":"2024-05-28T12:02:38","date_gmt":"2024-05-28T10:02:38","guid":{"rendered":"https:\/\/festival2024.eimacreacio.com\/who-we-are\/"},"modified":"2026-03-16T17:49:55","modified_gmt":"2026-03-16T16:49:55","slug":"who-we-are","status":"publish","type":"page","link":"https:\/\/festival2024.eimacreacio.com\/en\/who-we-are\/","title":{"rendered":"Who we are"},"content":{"rendered":"<p>[et_pb_section fb_built=&#8221;1&#8243; admin_label=&#8221;*CABECERA*&#8221; _builder_version=&#8221;4.25.1&#8243; _module_preset=&#8221;default&#8221; background_color=&#8221;#FFFFFF&#8221; custom_padding=&#8221;0px||1px|||&#8221; global_colors_info=&#8221;{}&#8221;][et_pb_row column_structure=&#8221;2_5,3_5&#8243; custom_padding_last_edited=&#8221;on|phone&#8221; _builder_version=&#8221;4.25.1&#8243; _module_preset=&#8221;default&#8221; background_color=&#8221;RGBA(255,255,255,0)&#8221; width=&#8221;100%&#8221; max_width=&#8221;100%&#8221; module_alignment=&#8221;left&#8221; custom_padding=&#8221;50px||0px||false|false&#8221; custom_padding_tablet=&#8221;40px||||false|false&#8221; custom_padding_phone=&#8221;20px||||false|false&#8221; global_colors_info=&#8221;{}&#8221;][et_pb_column type=&#8221;2_5&#8243; _builder_version=&#8221;4.16&#8243; _module_preset=&#8221;default&#8221; global_colors_info=&#8221;{}&#8221;][\/et_pb_column][et_pb_column type=&#8221;3_5&#8243; _builder_version=&#8221;4.16&#8243; _module_preset=&#8221;default&#8221; global_colors_info=&#8221;{}&#8221;][et_pb_text admin_label=&#8221;H1&#8243; _builder_version=&#8221;4.25.1&#8243; _module_preset=&#8221;_initial&#8221; header_font=&#8221;Sora|300|||||||&#8221; header_text_align=&#8221;right&#8221; header_text_color=&#8221;#000000&#8243; header_font_size=&#8221;70px&#8221; header_line_height=&#8221;1.2em&#8221; text_orientation=&#8221;right&#8221; width=&#8221;80%&#8221; width_tablet=&#8221;90%&#8221; width_phone=&#8221;95%&#8221; width_last_edited=&#8221;on|phone&#8221; max_width=&#8221;80%&#8221; module_alignment=&#8221;center&#8221; custom_margin=&#8221;40px||40px||true|false&#8221; custom_margin_tablet=&#8221;40px||40px||true|false&#8221; custom_margin_phone=&#8221;||||false&#8221; custom_margin_last_edited=&#8221;on|phone&#8221; header_text_align_tablet=&#8221;right&#8221; header_text_align_phone=&#8221;center&#8221; header_text_align_last_edited=&#8221;on|phone&#8221; header_font_size_tablet=&#8221;60px&#8221; header_font_size_phone=&#8221;50px&#8221; header_font_size_last_edited=&#8221;on|phone&#8221; global_colors_info=&#8221;{}&#8221;]<\/p>\n<h1>Who we are<\/h1>\n<p>[\/et_pb_text][\/et_pb_column][\/et_pb_row][\/et_pb_section][et_pb_section fb_built=&#8221;1&#8243; _builder_version=&#8221;4.25.1&#8243; _module_preset=&#8221;default&#8221; background_color=&#8221;#FFDD00&#8243; background_image=&#8221;https:\/\/festival2024.eimacreacio.com\/wp-content\/uploads\/sites\/7\/2024\/05\/Mesa-de-trabajo-2.png&#8221; background_size=&#8221;contain&#8221; background_position=&#8221;top_center&#8221; custom_margin=&#8221;0px||0px||false|false&#8221; custom_padding=&#8221;0px||0px||false|false&#8221; border_color_all=&#8221;#000000&#8243; border_width_top=&#8221;1px&#8221; border_color_top=&#8221;#06834B&#8221; global_colors_info=&#8221;{}&#8221;][et_pb_row column_structure=&#8221;2_5,3_5&#8243; use_custom_gutter=&#8221;on&#8221; gutter_width=&#8221;1&#8243; make_equal=&#8221;on&#8221; _builder_version=&#8221;4.24.0&#8243; _module_preset=&#8221;default&#8221; width=&#8221;100%&#8221; max_width=&#8221;100%&#8221; custom_margin=&#8221;0px|0px|0px|0px|false|false&#8221; custom_padding=&#8221;0px|0px|0px|0px|false|false&#8221; global_colors_info=&#8221;{}&#8221;][et_pb_column type=&#8221;2_5&#8243; _builder_version=&#8221;4.24.0&#8243; _module_preset=&#8221;default&#8221; border_color_all=&#8221;#000000&#8243; global_colors_info=&#8221;{}&#8221;][et_pb_image src=&#8221;https:\/\/festival2024.eimacreacio.com\/wp-content\/uploads\/sites\/7\/2024\/05\/Qui-som.jpg&#8221; title_text=&#8221;Who we are&#8221; _builder_version=&#8221;4.25.1&#8243; _module_preset=&#8221;default&#8221; global_colors_info=&#8221;{}&#8221;][\/et_pb_image][\/et_pb_column][et_pb_column type=&#8221;3_5&#8243; _builder_version=&#8221;4.24.0&#8243; _module_preset=&#8221;default&#8221; border_color_all=&#8221;#000000&#8243; global_colors_info=&#8221;{}&#8221;][\/et_pb_column][\/et_pb_row][et_pb_row column_structure=&#8221;2_5,3_5&#8243; use_custom_gutter=&#8221;on&#8221; gutter_width=&#8221;1&#8243; make_equal=&#8221;on&#8221; _builder_version=&#8221;4.24.1&#8243; _module_preset=&#8221;default&#8221; width=&#8221;100%&#8221; max_width=&#8221;100%&#8221; custom_margin=&#8221;0px|0px|0px|0px|false|false&#8221; custom_padding=&#8221;0px|0px|0px|0px|false|false&#8221; global_colors_info=&#8221;{}&#8221;][et_pb_column type=&#8221;2_5&#8243; _builder_version=&#8221;4.24.0&#8243; _module_preset=&#8221;default&#8221; border_color_all=&#8221;#000000&#8243; global_colors_info=&#8221;{}&#8221;][\/et_pb_column][et_pb_column type=&#8221;3_5&#8243; _builder_version=&#8221;4.24.0&#8243; _module_preset=&#8221;default&#8221; border_color_all=&#8221;#000000&#8243; global_colors_info=&#8221;{}&#8221;][et_pb_text admin_label=&#8221;Text-intro&#8221; _builder_version=&#8221;4.25.1&#8243; _module_preset=&#8221;_initial&#8221; text_font=&#8221;|300|||||||&#8221; text_text_color=&#8221;#000000&#8243; text_font_size=&#8221;24px&#8221; text_line_height=&#8221;1.5em&#8221; link_font=&#8221;||||on|||#EA5472|&#8221; link_text_color=&#8221;#1D1D1B&#8221; header_font=&#8221;|300|||||||&#8221; header_font_size=&#8221;50px&#8221; header_2_font=&#8221;|300|||||||&#8221; header_2_text_color=&#8221;#1D1D1B&#8221; header_2_font_size=&#8221;30px&#8221; header_2_line_height=&#8221;1.4em&#8221; header_3_font=&#8221;|600|||||||&#8221; header_3_text_color=&#8221;#1D1D1B&#8221; header_3_font_size=&#8221;24px&#8221; header_3_line_height=&#8221;1.4em&#8221; header_4_font=&#8221;|700|||||||&#8221; header_5_font=&#8221;|700|||||||&#8221; header_5_text_color=&#8221;#1D1D1B&#8221; header_6_font=&#8221;||||||||&#8221; header_6_font_size=&#8221;13px&#8221; position_origin_f=&#8221;bottom_left&#8221; background_layout=&#8221;dark&#8221; width=&#8221;80%&#8221; width_tablet=&#8221;90%&#8221; width_phone=&#8221;95%&#8221; width_last_edited=&#8221;on|phone&#8221; max_width=&#8221;80%&#8221; module_alignment=&#8221;center&#8221; custom_margin=&#8221;100px||40px||false|false&#8221; custom_margin_tablet=&#8221;40px||40px||true|false&#8221; custom_margin_phone=&#8221;80px||||false|false&#8221; custom_margin_last_edited=&#8221;on|phone&#8221; text_font_size_tablet=&#8221;22px&#8221; text_font_size_phone=&#8221;19px&#8221; text_font_size_last_edited=&#8221;on|phone&#8221; header_font_size_tablet=&#8221;45px&#8221; header_font_size_phone=&#8221;40px&#8221; header_font_size_last_edited=&#8221;on|phone&#8221; header_2_font_size_tablet=&#8221;&#8221; header_2_font_size_phone=&#8221;28px&#8221; header_2_font_size_last_edited=&#8221;on|desktop&#8221; header_3_font_size_tablet=&#8221;22px&#8221; header_3_font_size_phone=&#8221;20px&#8221; header_3_font_size_last_edited=&#8221;on|phone&#8221; header_4_font_size_tablet=&#8221;17px&#8221; header_4_font_size_phone=&#8221;17px&#8221; header_4_font_size_last_edited=&#8221;on|phone&#8221; header_5_font_size_tablet=&#8221;&#8221; header_5_font_size_phone=&#8221;&#8221; header_5_font_size_last_edited=&#8221;on|phone&#8221; locked=&#8221;off&#8221; global_colors_info=&#8221;{}&#8221; header_text_color__hover=&#8221;#00783B&#8221; header_text_color__hover_enabled=&#8221;on|hover&#8221; header_2_text_color__hover=&#8221;#EA5472&#8243; header_2_text_color__hover_enabled=&#8221;on|desktop&#8221; header_3_text_color__hover=&#8221;#00783B&#8221; header_3_text_color__hover_enabled=&#8221;on|hover&#8221; header_4_text_color__hover=&#8221;#B9B3AE&#8221; header_4_text_color__hover_enabled=&#8221;on|hover&#8221; header_5_text_color__hover=&#8221;#D1BF00&#8243; header_5_text_color__hover_enabled=&#8221;on|hover&#8221; header_6_text_color__hover=&#8221;#D1BF00&#8243; header_6_text_color__hover_enabled=&#8221;on|hover&#8221;]EiMa Creaci\u00f3 is a non-profit cultural association dedicated to promoting and defending the culture and cultural interests of dance professionals. We have a Creation Center (Ca Ses Monges) established with the intention of creating social bonds and meeting the cultural desires of the residents of Maria de la Salut and its neighboring municipalities through contemporary culture. We host artists, thinkers, and creators who require time and space to research and develop their creative processes.[\/et_pb_text][\/et_pb_column][\/et_pb_row][et_pb_row column_structure=&#8221;1_2,1_2&#8243; use_custom_gutter=&#8221;on&#8221; gutter_width=&#8221;1&#8243; make_equal=&#8221;on&#8221; _builder_version=&#8221;4.24.1&#8243; _module_preset=&#8221;default&#8221; width=&#8221;100%&#8221; max_width=&#8221;100%&#8221; custom_margin=&#8221;0px|0px|0px|0px|false|false&#8221; custom_padding=&#8221;0px|0px|0px|0px|false|false&#8221; hover_enabled=&#8221;0&#8243; global_colors_info=&#8221;{}&#8221; sticky_enabled=&#8221;0&#8243;][et_pb_column type=&#8221;1_2&#8243; _builder_version=&#8221;4.24.0&#8243; _module_preset=&#8221;default&#8221; border_color_all=&#8221;#000000&#8243; global_colors_info=&#8221;{}&#8221;][et_pb_text admin_label=&#8221;Text-El centre&#8221; _builder_version=&#8221;4.25.1&#8243; _module_preset=&#8221;_initial&#8221; text_font=&#8221;|300|||||||&#8221; text_text_color=&#8221;#1D1D1B&#8221; text_font_size=&#8221;18px&#8221; text_line_height=&#8221;1.5em&#8221; link_font=&#8221;||||on|||#EA5472|&#8221; link_text_color=&#8221;#1D1D1B&#8221; header_font=&#8221;|300|||||||&#8221; header_font_size=&#8221;50px&#8221; header_2_font=&#8221;|300|||||||&#8221; header_2_text_color=&#8221;#1D1D1B&#8221; header_2_font_size=&#8221;60px&#8221; header_2_line_height=&#8221;1.2em&#8221; header_3_font=&#8221;|600|||||||&#8221; header_3_text_color=&#8221;#000000&#8243; header_3_font_size=&#8221;24px&#8221; header_4_font=&#8221;|700|||||||&#8221; header_5_font=&#8221;|700|||||||&#8221; header_5_text_color=&#8221;#1D1D1B&#8221; header_6_font=&#8221;||||||||&#8221; header_6_font_size=&#8221;13px&#8221; position_origin_f=&#8221;bottom_left&#8221; background_layout=&#8221;dark&#8221; width=&#8221;80%&#8221; width_tablet=&#8221;90%&#8221; width_phone=&#8221;95%&#8221; width_last_edited=&#8221;on|phone&#8221; max_width=&#8221;80%&#8221; module_alignment=&#8221;center&#8221; custom_margin=&#8221;80px|30px|80px|10px|false|false&#8221; custom_margin_tablet=&#8221;80px||80px|30px|true|false&#8221; custom_margin_phone=&#8221;|10px||10px|false|true&#8221; custom_margin_last_edited=&#8221;on|phone&#8221; text_font_size_tablet=&#8221;18px&#8221; text_font_size_phone=&#8221;16px&#8221; text_font_size_last_edited=&#8221;on|phone&#8221; text_line_height_tablet=&#8221;1.6em&#8221; text_line_height_phone=&#8221;1.6em&#8221; text_line_height_last_edited=&#8221;on|phone&#8221; header_font_size_tablet=&#8221;45px&#8221; header_font_size_phone=&#8221;40px&#8221; header_font_size_last_edited=&#8221;on|phone&#8221; header_2_font_size_tablet=&#8221;40px&#8221; header_2_font_size_phone=&#8221;30px&#8221; header_2_font_size_last_edited=&#8221;on|phone&#8221; header_3_font_size_tablet=&#8221;22px&#8221; header_3_font_size_phone=&#8221;20px&#8221; header_3_font_size_last_edited=&#8221;on|phone&#8221; header_4_font_size_tablet=&#8221;17px&#8221; header_4_font_size_phone=&#8221;17px&#8221; header_4_font_size_last_edited=&#8221;on|phone&#8221; header_5_font_size_tablet=&#8221;&#8221; header_5_font_size_phone=&#8221;&#8221; header_5_font_size_last_edited=&#8221;on|phone&#8221; global_colors_info=&#8221;{}&#8221; header_text_color__hover=&#8221;#00783B&#8221; header_text_color__hover_enabled=&#8221;on|hover&#8221; header_2_text_color__hover=&#8221;#EA5472&#8243; header_2_text_color__hover_enabled=&#8221;on|desktop&#8221; header_3_text_color__hover=&#8221;#000000&#8243; header_3_text_color__hover_enabled=&#8221;on|hover&#8221; header_4_text_color__hover=&#8221;#B9B3AE&#8221; header_4_text_color__hover_enabled=&#8221;on|hover&#8221; header_5_text_color__hover=&#8221;#D1BF00&#8243; header_5_text_color__hover_enabled=&#8221;on|hover&#8221; header_6_text_color__hover=&#8221;#D1BF00&#8243; header_6_text_color__hover_enabled=&#8221;on|hover&#8221;]<\/p>\n<h3>Mariant\u00f2nia Oliver<\/h3>\n<p>Creator, performer, educator, and cultural manager. Artistic director of the Festival and Creation Center since its inception. Since 1989, she has directed her own company, Mariant\u00f2nia Oliver, presenting her creations in Europe, Asia, and Latin America. Since 2000, she has returned to reside in Mallorca, where she is involved in numerous projects focused on education and the promotion of dance in the Balearic Islands. She has served as a jury member for Art Jove, artistic advisor for the Palma Dansa Festival, and is a founding member of the Professional Dance Association of the Balearic Islands. She is a professor at ESADIB (Escola Superior d&#8217;Art Dram\u00e0tic de les Illes Balears) and at the Conservatori de Palma. Mediator of multiple social projects through an artistic perspective.<\/p>\n<p>&nbsp;<\/p>\n<h3>Nancy Veltri<\/h3>\n<p>Publicist and communicator with over 10 years of experience in marketing, communication, and design. She was the coordinator of the Cultural Agenda Prisma (Buenos Aires, South Zone) from 2016 to 2018. Master&#8217;s degree in Management of Cultural Institutions and Businesses (University of Barcelona). She has collaborated on cultural projects in Spain (Altres Cinemes Festival, Cuerpo Plural Association) and Argentina (C\u00e1mara Viajera). She has participated in social initiatives demonstrating strong civic commitment in services for vulnerable groups (Action Aid, DIME).<\/p>\n<p>&nbsp;<\/p>\n<h3>Melania Forte<\/h3>\n<p>Producer and manager of cultural and educational projects. She has six years of experience coordinating projects in Non-Formal Education and Experiential Learning within the Erasmus+ program, collaborating with entities in more than 10 European countries. She holds a degree in Law, a diploma in Cultural Project Management from La F\u00e1brica and Fundaci\u00f3n Contempor\u00e0nea, and is a co-founder of Asociaci\u00f3n Din\u00e1mica. Additionally, she managed the educational scholarship program for the Calvi\u00e0 City Council in Mallorca for two years.<\/p>\n<p>&nbsp;<\/p>\n<h3>Bego\u00f1a Mart\u00ednez<\/h3>\n<p>Bego\u00f1a Mart\u00ednez is an art historian, critic, and cultural manager. Born in Lima, Mallorca has seen her grow up. Between diasporic identity and island connection, her practices are grounded in interculturality and ethical agency. She has worked in national and international spaces such as La Madraza (Granada) and the Cervantes Institute in Paris. In Mallorca, she works in supporting creative spaces such as Suralita (Manacor) and EiMa (Maria de la Salut).<\/p>\n<p>[\/et_pb_text][et_pb_text _builder_version=&#8221;4.25.2&#8243; _module_preset=&#8221;default&#8221; hover_enabled=&#8221;0&#8243; sticky_enabled=&#8221;0&#8243; custom_padding=&#8221;0px|||80px|false|false&#8221;]<\/p>\n<p style=\"text-align: left\"><span>POSTER DESIGN: <a href=\"https:\/\/pelopanton.com\/contacto\/\" target=\"_blank\" rel=\"noopener\" title=\"Luis Resines (Resi)\">Luis Resines (Resi) <\/a><\/span><\/p>\n<p>[\/et_pb_text][\/et_pb_column][et_pb_column type=&#8221;1_2&#8243; _builder_version=&#8221;4.24.0&#8243; _module_preset=&#8221;default&#8221; border_color_all=&#8221;#000000&#8243; global_colors_info=&#8221;{}&#8221;][\/et_pb_column][\/et_pb_row][et_pb_row use_custom_gutter=&#8221;on&#8221; gutter_width=&#8221;1&#8243; make_equal=&#8221;on&#8221; disabled_on=&#8221;on|on|on&#8221; _builder_version=&#8221;4.24.0&#8243; _module_preset=&#8221;default&#8221; width=&#8221;100%&#8221; max_width=&#8221;100%&#8221; custom_margin=&#8221;0px|0px|0px|0px|false|false&#8221; custom_padding=&#8221;0px|0px|0px|0px|false|false&#8221; disabled=&#8221;on&#8221; global_colors_info=&#8221;{}&#8221;][et_pb_column type=&#8221;4_4&#8243; _builder_version=&#8221;4.24.0&#8243; _module_preset=&#8221;default&#8221; global_colors_info=&#8221;{}&#8221;][et_pb_gallery gallery_ids=&#8221;183,186,189,192&#8243; posts_number=&#8221;6&#8243; show_title_and_caption=&#8221;off&#8221; show_pagination=&#8221;off&#8221; zoom_icon_color=&#8221;RGBA(216,216,216,0)&#8221; hover_overlay_color=&#8221;RGBA(216,216,216,0)&#8221; hover_icon=&#8221;L||divi||400&#8243; _builder_version=&#8221;4.25.1&#8243; _module_preset=&#8221;default&#8221; caption_text_color=&#8221;RGBA(216,216,216,0)&#8221; global_colors_info=&#8221;{}&#8221;][\/et_pb_gallery][\/et_pb_column][\/et_pb_row][\/et_pb_section]<\/p>\n","protected":false},"excerpt":{"rendered":"<p>Who we areEiMa Creaci\u00f3 is a non-profit cultural association dedicated to promoting and defending the culture and cultural interests of dance professionals. We have a Creation Center (Ca Ses Monges) established with the intention of creating social bonds and meeting the cultural desires of the residents of Maria de la Salut and its neighboring municipalities [&hellip;]<\/p>\n","protected":false},"author":3,"featured_media":918,"parent":0,"menu_order":0,"comment_status":"closed","ping_status":"closed","template":"","meta":{"_et_pb_use_builder":"on","_et_pb_old_content":"","_et_gb_content_width":"","footnotes":""},"class_list":["post-931","page","type-page","status-publish","has-post-thumbnail","hentry"],"_links":{"self":[{"href":"https:\/\/festival2024.eimacreacio.com\/en\/wp-json\/wp\/v2\/pages\/931","targetHints":{"allow":["GET"]}}],"collection":[{"href":"https:\/\/festival2024.eimacreacio.com\/en\/wp-json\/wp\/v2\/pages"}],"about":[{"href":"https:\/\/festival2024.eimacreacio.com\/en\/wp-json\/wp\/v2\/types\/page"}],"author":[{"embeddable":true,"href":"https:\/\/festival2024.eimacreacio.com\/en\/wp-json\/wp\/v2\/users\/3"}],"replies":[{"embeddable":true,"href":"https:\/\/festival2024.eimacreacio.com\/en\/wp-json\/wp\/v2\/comments?post=931"}],"version-history":[{"count":14,"href":"https:\/\/festival2024.eimacreacio.com\/en\/wp-json\/wp\/v2\/pages\/931\/revisions"}],"predecessor-version":[{"id":1332,"href":"https:\/\/festival2024.eimacreacio.com\/en\/wp-json\/wp\/v2\/pages\/931\/revisions\/1332"}],"wp:featuredmedia":[{"embeddable":true,"href":"https:\/\/festival2024.eimacreacio.com\/en\/wp-json\/wp\/v2\/media\/918"}],"wp:attachment":[{"href":"https:\/\/festival2024.eimacreacio.com\/en\/wp-json\/wp\/v2\/media?parent=931"}],"curies":[{"name":"wp","href":"https:\/\/api.w.org\/{rel}","templated":true}]}}